{"id":8,"date":"2012-06-28T19:10:20","date_gmt":"2012-06-28T22:10:20","guid":{"rendered":"http:\/\/hmsrefrigeracao.com.br\/?page_id=8"},"modified":"2012-08-01T12:01:25","modified_gmt":"2012-08-01T15:01:25","slug":"servicos","status":"publish","type":"page","link":"https:\/\/hmsrefrigeracao.com.br\/?page_id=8","title":{"rendered":"Servi\u00e7os"},"content":{"rendered":"<p><a href=\"http:\/\/hmsrefrigeracao.com.br\/wp-content\/uploads\/2012\/06\/IMG_66722.jpg\"><img loading=\"lazy\" class=\"alignnone  wp-image-35\" style=\"border: 2px solid white;\" title=\"IMG_6672\" src=\"http:\/\/hmsrefrigeracao.com.br\/wp-content\/uploads\/2012\/06\/IMG_66722-1024x768.jpg\" alt=\"\" width=\"590\" height=\"442\" srcset=\"https:\/\/hmsrefrigeracao.com.br\/wp-content\/uploads\/2012\/06\/IMG_66722-1024x768.jpg 1024w, https:\/\/hmsrefrigeracao.com.br\/wp-content\/uploads\/2012\/06\/IMG_66722-300x225.jpg 300w, https:\/\/hmsrefrigeracao.com.br\/wp-content\/uploads\/2012\/06\/IMG_66722-250x187.jpg 250w\" sizes=\"(max-width: 590px) 100vw, 590px\" \/><\/a><\/p>\n<p>Atendemos com rapidez e efici\u00eancia fazendo um pr\u00e9-atendimento atrav\u00e9s do nosso chamado t\u00e9cnico, absorvendo o essencial para solucionar problemas do cliente, oferecendo mais comodidade e seguran\u00e7a.<br \/>\nA qualidade dos nossos servi\u00e7os \u00e9 assegurada pela ampla experi\u00eancia adquirida em anos de trabalho. Trabalhamos com o objetivo de proporcionar uma manuten\u00e7\u00e3o de servi\u00e7os com alta qualidade e principalmente com custos compat\u00edveis a necessidade de nossos clientes.<\/p>\n<ul>\n<li>Pronto atendimento pelo chamado t\u00e9cnico;<\/li>\n<li>Diagn\u00f3stico preciso e or\u00e7amento justo;<\/li>\n<li>Pe\u00e7as de reposi\u00e7\u00e3o com garantia;<\/li>\n<li>Servi\u00e7os reconhecidos pelos pr\u00f3prios clientes;<\/li>\n<li>Respeito absoluto pelos nossos clientes;<\/li>\n<li>T\u00e9cnicos uniformizados;<\/li>\n<li>Pe\u00e7as Originais.<\/li>\n<\/ul>\n","protected":false},"excerpt":{"rendered":"<p>Atendemos com rapidez e efici\u00eancia fazendo um pr\u00e9-atendimento atrav\u00e9s do nosso chamado t\u00e9cnico, absorvendo o essencial para solucionar problemas do cliente, oferecendo mais comodidade e seguran\u00e7a. A qualidade dos nossos servi\u00e7os \u00e9 assegurada pela ampla experi\u00eancia adquirida em anos de trabalho. Trabalhamos com o objetivo de proporcionar uma manuten\u00e7\u00e3o de servi\u00e7os com alta qualidade e [&hellip;]<\/p>\n","protected":false},"author":1,"featured_media":0,"parent":0,"menu_order":0,"comment_status":"open","ping_status":"open","template":"","meta":[],"_links":{"self":[{"href":"https:\/\/hmsrefrigeracao.com.br\/index.php?rest_route=\/wp\/v2\/pages\/8"}],"collection":[{"href":"https:\/\/hmsrefrigeracao.com.br\/index.php?rest_route=\/wp\/v2\/pages"}],"about":[{"href":"https:\/\/hmsrefrigeracao.com.br\/index.php?rest_route=\/wp\/v2\/types\/page"}],"author":[{"embeddable":true,"href":"https:\/\/hmsrefrigeracao.com.br\/index.php?rest_route=\/wp\/v2\/users\/1"}],"replies":[{"embeddable":true,"href":"https:\/\/hmsrefrigeracao.com.br\/index.php?rest_route=%2Fwp%2Fv2%2Fcomments&post=8"}],"version-history":[{"count":6,"href":"https:\/\/hmsrefrigeracao.com.br\/index.php?rest_route=\/wp\/v2\/pages\/8\/revisions"}],"predecessor-version":[{"id":40,"href":"https:\/\/hmsrefrigeracao.com.br\/index.php?rest_route=\/wp\/v2\/pages\/8\/revisions\/40"}],"wp:attachment":[{"href":"https:\/\/hmsrefrigeracao.com.br\/index.php?rest_route=%2Fwp%2Fv2%2Fmedia&parent=8"}],"curies":[{"name":"wp","href":"https:\/\/api.w.org\/{rel}","templated":true}]}}