{"id":23,"date":"2012-06-29T00:06:31","date_gmt":"2012-06-29T03:06:31","guid":{"rendered":"http:\/\/hmsrefrigeracao.com.br\/?page_id=23"},"modified":"2012-08-17T13:57:09","modified_gmt":"2012-08-17T16:57:09","slug":"visita-tecnica","status":"publish","type":"page","link":"https:\/\/hmsrefrigeracao.com.br\/?page_id=23","title":{"rendered":"Visita T\u00e9cnica"},"content":{"rendered":"<p dir=\"ltr\"><img loading=\"lazy\" class=\"alignleft size-full wp-image-60\" title=\"Manuten\u00e7\u00e3o de Ar Condicionado\" src=\"http:\/\/hmsrefrigeracao.com.br\/wp-content\/uploads\/2012\/06\/manutencao_ar-condicionado02.png\" alt=\"\" width=\"435\" height=\"305\" srcset=\"https:\/\/hmsrefrigeracao.com.br\/wp-content\/uploads\/2012\/06\/manutencao_ar-condicionado02.png 435w, https:\/\/hmsrefrigeracao.com.br\/wp-content\/uploads\/2012\/06\/manutencao_ar-condicionado02-300x210.png 300w, https:\/\/hmsrefrigeracao.com.br\/wp-content\/uploads\/2012\/06\/manutencao_ar-condicionado02-250x175.png 250w\" sizes=\"(max-width: 435px) 100vw, 435px\" \/>A <strong>HMS Refrigera\u00e7\u00e3o Ltda<\/strong>, disponibiliza visita t\u00e9cnica gratuita para projetos de climatiza\u00e7\u00e3o de todos os ambientes, orientando a melhor op\u00e7\u00e3o de compra.<\/p>\n<p dir=\"ltr\">A visita ao local facilita a escolha correta de um <strong>ar condicionado<\/strong>, e \u00e9 fundamental para garantir a <strong>refrigera\u00e7\u00e3o<\/strong> do ambiente e solucionar qualquer tipo de problema.<\/p>\n<p dir=\"ltr\">Nosso compromisso \u00e9 prestar o melhor atendimento do mercado.<\/p>\n","protected":false},"excerpt":{"rendered":"<p>A HMS Refrigera\u00e7\u00e3o Ltda, disponibiliza visita t\u00e9cnica gratuita para projetos de climatiza\u00e7\u00e3o de todos os ambientes, orientando a melhor op\u00e7\u00e3o de compra. A visita ao local facilita a escolha correta de um ar condicionado, e \u00e9 fundamental para garantir a refrigera\u00e7\u00e3o do ambiente e solucionar qualquer tipo de problema. Nosso compromisso \u00e9 prestar o melhor [&hellip;]<\/p>\n","protected":false},"author":1,"featured_media":0,"parent":0,"menu_order":0,"comment_status":"open","ping_status":"open","template":"","meta":[],"_links":{"self":[{"href":"https:\/\/hmsrefrigeracao.com.br\/index.php?rest_route=\/wp\/v2\/pages\/23"}],"collection":[{"href":"https:\/\/hmsrefrigeracao.com.br\/index.php?rest_route=\/wp\/v2\/pages"}],"about":[{"href":"https:\/\/hmsrefrigeracao.com.br\/index.php?rest_route=\/wp\/v2\/types\/page"}],"author":[{"embeddable":true,"href":"https:\/\/hmsrefrigeracao.com.br\/index.php?rest_route=\/wp\/v2\/users\/1"}],"replies":[{"embeddable":true,"href":"https:\/\/hmsrefrigeracao.com.br\/index.php?rest_route=%2Fwp%2Fv2%2Fcomments&post=23"}],"version-history":[{"count":4,"href":"https:\/\/hmsrefrigeracao.com.br\/index.php?rest_route=\/wp\/v2\/pages\/23\/revisions"}],"predecessor-version":[{"id":25,"href":"https:\/\/hmsrefrigeracao.com.br\/index.php?rest_route=\/wp\/v2\/pages\/23\/revisions\/25"}],"wp:attachment":[{"href":"https:\/\/hmsrefrigeracao.com.br\/index.php?rest_route=%2Fwp%2Fv2%2Fmedia&parent=23"}],"curies":[{"name":"wp","href":"https:\/\/api.w.org\/{rel}","templated":true}]}}