{"id":21,"date":"2012-06-29T00:05:46","date_gmt":"2012-06-29T03:05:46","guid":{"rendered":"http:\/\/hmsrefrigeracao.com.br\/?page_id=21"},"modified":"2012-08-13T17:12:22","modified_gmt":"2012-08-13T20:12:22","slug":"manutencao","status":"publish","type":"page","link":"https:\/\/hmsrefrigeracao.com.br\/?page_id=21","title":{"rendered":"Manuten\u00e7\u00e3o"},"content":{"rendered":"<p dir=\"ltr\"><a href=\"http:\/\/hmsrefrigeracao.com.br\/wp-content\/uploads\/2012\/06\/IMG_6667.jpg\"><img loading=\"lazy\" class=\"alignleft size-medium wp-image-45\" style=\"border: 1px solid white;\" title=\"IMG_6667\" src=\"http:\/\/hmsrefrigeracao.com.br\/wp-content\/uploads\/2012\/06\/IMG_6667-300x225.jpg\" alt=\"\" width=\"300\" height=\"225\" srcset=\"https:\/\/hmsrefrigeracao.com.br\/wp-content\/uploads\/2012\/06\/IMG_6667-300x225.jpg 300w, https:\/\/hmsrefrigeracao.com.br\/wp-content\/uploads\/2012\/06\/IMG_6667-1024x768.jpg 1024w, https:\/\/hmsrefrigeracao.com.br\/wp-content\/uploads\/2012\/06\/IMG_6667-250x187.jpg 250w\" sizes=\"(max-width: 300px) 100vw, 300px\" \/><\/a>A maior parte dos custos com <strong>refrigera\u00e7\u00e3o<\/strong> \u00e9 com o conserto dos aparelhos que, sem a devida manuten\u00e7\u00e3o, acabam relatando diversos defeitos.<\/p>\n<p dir=\"ltr\">Uma <strong>manuten\u00e7\u00e3o<\/strong> peri\u00f3dica para preven\u00e7\u00e3o diminui estes defeitos.<\/p>\n<p dir=\"ltr\">A <strong>manuten\u00e7\u00e3o de eletrodom\u00e9sticos<\/strong> requer profissionalismo e conhecimento do produto a ser instalado, sendo imprescind\u00edvel a realiza\u00e7\u00e3o dos servi\u00e7os por uma empresa especializada para garantia e seguran\u00e7a de qualidade.<\/p>\n<p dir=\"ltr\">De acordo com a Portaria n\u00ba 3.523\/GM da Anvisa (do Minist\u00e9rio da Sa\u00fade, nas atribui\u00e7\u00f5es da Lei n\u00ba 8080), todo sistema de climatiza\u00e7\u00e3o deve ser monitorado e receber<strong> manuten\u00e7\u00e3o<\/strong> peri\u00f3dica, para assegurar a sa\u00fade das pessoas que o ocupam e evitar contamina\u00e7\u00f5es e infec\u00e7\u00f5es provocadas por bact\u00e9rias e outros agentes, que surgem naturalmente pela umidade.<\/p>\n<p dir=\"ltr\">Principais benef\u00edcios do Contrato de <strong>Manuten\u00e7\u00e3o<\/strong>:<\/p>\n<p dir=\"ltr\"><a href=\"http:\/\/hmsrefrigeracao.com.br\/wp-content\/uploads\/2012\/06\/IMG_6664.jpg\"><img loading=\"lazy\" class=\"alignleft size-medium wp-image-46\" style=\"border: 1px solid white;\" title=\"IMG_6664\" src=\"http:\/\/hmsrefrigeracao.com.br\/wp-content\/uploads\/2012\/06\/IMG_6664-300x225.jpg\" alt=\"\" width=\"300\" height=\"225\" srcset=\"https:\/\/hmsrefrigeracao.com.br\/wp-content\/uploads\/2012\/06\/IMG_6664-300x225.jpg 300w, https:\/\/hmsrefrigeracao.com.br\/wp-content\/uploads\/2012\/06\/IMG_6664-1024x768.jpg 1024w, https:\/\/hmsrefrigeracao.com.br\/wp-content\/uploads\/2012\/06\/IMG_6664-250x187.jpg 250w\" sizes=\"(max-width: 300px) 100vw, 300px\" \/><\/a>Visitas t\u00e9cnicas peri\u00f3dicas;<br \/>\nPara controle, verifica\u00e7\u00e3o e regulariza\u00e7\u00e3o;<br \/>\nPeriodicidade dispon\u00edvel semanal, quinzenal ou mensal;<br \/>\nAtendimento a chamados de urg\u00eancia;<br \/>\nEm caso de um <strong>aparelho<\/strong> apresentar anomalia, uma equipe t\u00e9cnica se dirige ao local para averigua\u00e7\u00e3o e regulariza\u00e7\u00e3o.<\/p>\n<p dir=\"ltr\"><strong>Manuten\u00e7\u00e3o<\/strong> preventiva:<br \/>\nRealizada nas <strong>visitas t\u00e9cnicas<\/strong> peri\u00f3dicas e inclui limpeza, higieniza\u00e7\u00e3o, lubrifica\u00e7\u00e3o, visando evitar problemas e avarias nos aparelhos de <strong>climatiza\u00e7\u00e3o<\/strong>;<br \/>\nCobertura e consertos;<br \/>\nOferecida em duas modalidades, incluindo, ou n\u00e3o, pe\u00e7as para reposi\u00e7\u00e3o;<br \/>\nCobre custos com os servi\u00e7os de conserto, no caso de um equipamento.<\/p>\n","protected":false},"excerpt":{"rendered":"<p>A maior parte dos custos com refrigera\u00e7\u00e3o \u00e9 com o conserto dos aparelhos que, sem a devida manuten\u00e7\u00e3o, acabam relatando diversos defeitos. Uma manuten\u00e7\u00e3o peri\u00f3dica para preven\u00e7\u00e3o diminui estes defeitos. A manuten\u00e7\u00e3o de eletrodom\u00e9sticos requer profissionalismo e conhecimento do produto a ser instalado, sendo imprescind\u00edvel a realiza\u00e7\u00e3o dos servi\u00e7os por uma empresa especializada para garantia [&hellip;]<\/p>\n","protected":false},"author":1,"featured_media":0,"parent":0,"menu_order":0,"comment_status":"open","ping_status":"open","template":"","meta":[],"_links":{"self":[{"href":"https:\/\/hmsrefrigeracao.com.br\/index.php?rest_route=\/wp\/v2\/pages\/21"}],"collection":[{"href":"https:\/\/hmsrefrigeracao.com.br\/index.php?rest_route=\/wp\/v2\/pages"}],"about":[{"href":"https:\/\/hmsrefrigeracao.com.br\/index.php?rest_route=\/wp\/v2\/types\/page"}],"author":[{"embeddable":true,"href":"https:\/\/hmsrefrigeracao.com.br\/index.php?rest_route=\/wp\/v2\/users\/1"}],"replies":[{"embeddable":true,"href":"https:\/\/hmsrefrigeracao.com.br\/index.php?rest_route=%2Fwp%2Fv2%2Fcomments&post=21"}],"version-history":[{"count":5,"href":"https:\/\/hmsrefrigeracao.com.br\/index.php?rest_route=\/wp\/v2\/pages\/21\/revisions"}],"predecessor-version":[{"id":27,"href":"https:\/\/hmsrefrigeracao.com.br\/index.php?rest_route=\/wp\/v2\/pages\/21\/revisions\/27"}],"wp:attachment":[{"href":"https:\/\/hmsrefrigeracao.com.br\/index.php?rest_route=%2Fwp%2Fv2%2Fmedia&parent=21"}],"curies":[{"name":"wp","href":"https:\/\/api.w.org\/{rel}","templated":true}]}}